{"id":241480,"date":"2021-06-07T15:45:01","date_gmt":"2021-06-07T13:45:01","guid":{"rendered":"https:\/\/www.fifosanita.it\/?page_id=241480"},"modified":"2021-06-30T17:39:38","modified_gmt":"2021-06-30T15:39:38","slug":"il-regolamento-mdr-2017-745","status":"publish","type":"page","link":"https:\/\/www.fifosanita.it\/?page_id=241480","title":{"rendered":"Il regolamento MDR 2017\/745"},"content":{"rendered":"<p>[et_pb_section fb_built=&#8221;1&#8243; next_background_color=&#8221;#ffffff&#8221; admin_label=&#8221;Center Aligned Text &#8221; _builder_version=&#8221;4.9.2&#8243; background_color=&#8221;#f8fbfe&#8221; use_background_color_gradient=&#8221;on&#8221; background_color_gradient_start=&#8221;#0f3e6f&#8221; background_color_gradient_end=&#8221;#4e7ec5&#8243; background_color_gradient_direction=&#8221;135deg&#8221; background_image=&#8221;\/wp-content\/uploads\/2021\/01\/geometric-bg-overlay-01.jpg&#8221; background_blend=&#8221;overlay&#8221; custom_padding=&#8221;|0px||0px|false|false&#8221; bottom_divider_style=&#8221;arrow2&#8243; bottom_divider_height=&#8221;40px&#8221; animation_direction=&#8221;bottom&#8221; locked=&#8221;off&#8221;][et_pb_row _builder_version=&#8221;3.25&#8243;][et_pb_column type=&#8221;4_4&#8243; _builder_version=&#8221;3.25&#8243; custom_padding=&#8221;|||&#8221; custom_padding__hover=&#8221;|||&#8221;][et_pb_text _builder_version=&#8221;4.9.4&#8243; text_font=&#8221;Nunito Sans||||||||&#8221; text_text_color=&#8221;#ffffff&#8221; text_font_size=&#8221;18px&#8221; text_line_height=&#8221;1.8em&#8221; header_font=&#8221;Nunito Sans|700|||||||&#8221; header_font_size=&#8221;50px&#8221; header_line_height=&#8221;1.3em&#8221; header_2_font=&#8221;||||||||&#8221; text_orientation=&#8221;center&#8221; background_layout=&#8221;dark&#8221; max_width=&#8221;100%&#8221; module_alignment=&#8221;center&#8221; locked=&#8221;off&#8221;]<\/p>\n<h1>Il Regolamento MDR 2017\/745<\/h1>\n<p>nota n.1 del <strong>27 Maggio 2021<\/strong> a cura di <strong>Sebastiano Lodi<\/strong><\/p>\n<p>[\/et_pb_text][\/et_pb_column][\/et_pb_row][\/et_pb_section][et_pb_section fb_built=&#8221;1&#8243; admin_label=&#8221;Features CTA Section&#8221; _builder_version=&#8221;4.9.2&#8243; custom_padding=&#8221;|0px|1px|0px|false|false&#8221; custom_css_main_element=&#8221;min-height: 100vh;||display: flex;||flex-direction: column;&#8221; saved_tabs=&#8221;all&#8221; locked=&#8221;off&#8221;][et_pb_row admin_label=&#8221;Right Sided Image&#8221; _builder_version=&#8221;4.9.2&#8243; max_width=&#8221;80%&#8221; custom_padding=&#8221;|0px||0px|false|false&#8221; locked=&#8221;off&#8221;][et_pb_column type=&#8221;4_4&#8243; _builder_version=&#8221;3.25&#8243; custom_padding=&#8221;|||&#8221; custom_padding__hover=&#8221;|||&#8221;][et_pb_text _builder_version=&#8221;4.9.4&#8243; text_font=&#8221;Nunito Sans||||||||&#8221; text_text_color=&#8221;#000000&#8243; text_font_size=&#8221;18px&#8221; text_line_height=&#8221;1.8em&#8221; header_font=&#8221;||||||||&#8221; header_text_align=&#8221;left&#8221; header_2_font=&#8221;Nunito Sans|700|||||||&#8221; header_2_text_color=&#8221;#535b7c&#8221; header_2_font_size=&#8221;35px&#8221; header_2_line_height=&#8221;1.3em&#8221; header_3_font=&#8221;|600|||||||&#8221; max_width=&#8221;80%&#8221; max_width_tablet=&#8221;&#8221; max_width_phone=&#8221;100%&#8221; max_width_last_edited=&#8221;on|phone&#8221; module_alignment=&#8221;center&#8221; max_height=&#8221;100%&#8221; custom_padding=&#8221;||0px|||&#8221;]<\/p>\n<h2 style=\"text-align: justify;\"><span style=\"color: #0f3e6f;\">EUDAMED e UDI &#8211; Date di Applicazione<\/span><\/h2>\n<p><span style=\"color: #0f3e6f;\"><\/span><\/p>\n<p style=\"text-align: justify;\">Il Regolamento MDR 2017\/745 ha completato il \u201cperiodo di transizione\u201d ed entrer\u00e0 in vigore (pur con alcune deroghe note per quanto riguarda, per esempio, i dispositivi medici marcati CE in accordo alla Direttiva 93\/42\/CEE con un certificato valido, o i dispositivi di classe I in Direttiva che dovranno essere riclassificati in accordo al Regolamento) dal 26 maggio 2021.<\/p>\n<p style=\"text-align: justify;\">In tale contesto siamo a rispondere ad alcuni dubbi legati alle date di entrata in vigore degli obblighi di registrazione sulla banca dati EUDAMED e sugli obblighi di riportare il codice UDI sulle etichette dei prodotti<\/p>\n<p>[\/et_pb_text][\/et_pb_column][\/et_pb_row][et_pb_row admin_label=&#8221;Right Sided Image&#8221; _builder_version=&#8221;4.9.2&#8243; max_width=&#8221;100%&#8221; custom_padding=&#8221;|0px||0px|false|false&#8221; locked=&#8221;off&#8221;][et_pb_column type=&#8221;4_4&#8243; _builder_version=&#8221;3.25&#8243; custom_padding=&#8221;|||&#8221; custom_padding__hover=&#8221;|||&#8221;][et_pb_text _builder_version=&#8221;4.9.4&#8243; text_font=&#8221;Nunito Sans||||||||&#8221; text_text_color=&#8221;#959baf&#8221; text_font_size=&#8221;18px&#8221; text_line_height=&#8221;1.8em&#8221; header_font=&#8221;||||||||&#8221; header_text_align=&#8221;left&#8221; header_2_font=&#8221;Nunito Sans|700|||||||&#8221; header_2_text_color=&#8221;#535b7c&#8221; header_2_font_size=&#8221;35px&#8221; header_2_line_height=&#8221;1.3em&#8221; max_width=&#8221;80%&#8221; max_width_tablet=&#8221;&#8221; max_width_phone=&#8221;100%&#8221; max_width_last_edited=&#8221;on|phone&#8221; module_alignment=&#8221;center&#8221; custom_padding=&#8221;||0px|||&#8221;]<\/p>\n<h2 style=\"text-align: justify;\"><span style=\"color: #0f3e6f;\">EUDAMED<\/span><span style=\"color: #0f3e6f;\"><\/span><\/h2>\n<p><span style=\"color: #0f3e6f;\"><\/span><\/p>\n<p style=\"text-align: justify;\"><span style=\"color: #000000;\">EUDAMED \u00e8 la banca dati europea per gli operatori economici in ambito dispositivi medici ed \u00e8 strutturata in 6 moduli interconnessi che saranno accessibili \/ consultabili tramite un sito web. I sei moduli sono:<\/span><\/p>\n<ul style=\"text-align: justify;\">\n<li><span style=\"color: #000000;\"><a href=\"https:\/\/ec.europa.eu\/health\/md_eudamed\/actors_registration_en\" style=\"color: #000000;\" rel=\"nofollow noopener\" target=\"_blank\">Actors registration<\/a><\/span><\/li>\n<li><span style=\"color: #000000;\">UDI\/Devices registration<\/span><\/li>\n<li><span style=\"color: #000000;\">Notified Bodies and Certificates<\/span><\/li>\n<li><span style=\"color: #000000;\">Clinical Investigations and performance studies<\/span><\/li>\n<li><span style=\"color: #000000;\">Vigilance and post-market surveillance<\/span><\/li>\n<li><span style=\"color: #000000;\">Market Surveillance.<\/span><\/li>\n<\/ul>\n<p style=\"text-align: justify;\"><span style=\"color: #000000;\">Dal 1\u00b0 dicembre 2020 \u00e8 attivo il modulo \u201cactors registration\u201d.<\/span><\/p>\n<p style=\"text-align: justify;\"><span style=\"color: #000000;\">Gli operatori economici (FABBRICANTI, MANDATARI, IMPORTATORI, ASSEMBLATORI DI KIT\/SISTEMI) dovranno registrarsi nel modulo \u201cactors registration\u201d per ricevere il numero SRN.<\/span><\/p>\n<p style=\"text-align: justify;\"><span style=\"color: #000000;\"><strong>Per i DISTRIBUTORI ad oggi non \u00e8 prevista alcuna registrazione in EUDAMED.<\/strong><\/span><\/p>\n<p style=\"text-align: justify;\"><span style=\"color: #000000;\">La registrazione, al momento (es. dal 27 maggio 2021) NON E\u2019 OBBLIGATORIA in Italia; la registrazione sar\u00e0 obbligatoria solo da quando EUDAMED sar\u00e0 completamente operativa come riportato sulla pagina web di EUDAMED:<\/span><\/p>\n<p style=\"text-align: justify;\"><span style=\"color: #000000;\"><em>The first module of EUDAMED: Actor registration was made available on 1 December 2020. <strong>The Commission is not in a position to require the use of the module until EUDAMED is fully functional according to the Medical Device Regulation (MDR)<\/strong> and additional national requirements on registrations can therefore not be excluded. A MDCG Position Paper on the use of the EUDAMED actor registration module and of the Single Registration Number (SRN) in the Member States was published in August 2020. <\/em><\/span><\/p>\n<p style=\"text-align: justify;\"><span style=\"color: #000000;\">(nota: EUDAMED non sar\u00e0 operativa nel 2021; lo sar\u00e0 probabilmente nel Maggio 2022 o ancora pi\u00f9 in l\u00e0).<\/span><\/p>\n<p style=\"text-align: justify;\"><span style=\"color: #000000;\">A conferma di quanto indicato sopra, la guidance MDCG 2020-15 riporta quanto segue:<\/span><\/p>\n<p style=\"text-align: justify;\"><span style=\"color: #000000;\"><em>In accordance with Article 30(1) MDR, the actor registration module shall allow for the creation of a unique single registration number (\u2018SRN\u2019) referred to in Article 31(2) and to collate and process information that is necessary and proportionate to identify the manufacturer (including producers of system\/procedure packs) and, where applicable, the authorised representative and the importer. <strong>As such, the actor registration module forms a prerequisite for the use of the other EUDAMED modules<\/strong> and facilitates a secure way of accessing EUDAMED. <strong>The responsibility to assign SRNs to economic operators lies with the Member States<\/strong>. To that end, <strong>Article 31(2) stipulates that, after having verified and validated the data entered by an economic operator, the competent authority of a Member State shall obtain an SRN from the actor registration module and approve the issuing of it<\/strong> to the requesting manufacturer, authorised representative or importer<\/em><em style=\"font-size: 18px;\">\u00a0<\/em><\/span><\/p>\n<p style=\"text-align: justify;\"><span style=\"color: #000000;\"><em>On 30 October 2019, the Commission published a notice by which it concluded that the full functionality of EUDAMED requires the availability and full operation of all six modules in accordance with the technical specifications and confirmed by an audit as referred to in Article 34. The notice foresees the launch of a <strong>fully functional EUDAMED for May 2022.<\/strong><\/em><\/span><\/p>\n<p style=\"text-align: justify;\">\n<p style=\"text-align: justify;\"><span style=\"color: #000000;\">In conclusione, come riportato sul sito di EUDAMED e nella guidance MDCG 2020-15, <strong>la registrazione in EUDAMED<\/strong> (come fabbricante, mandatario, importatore, assemblatore di kit\/sistemi) <strong>non \u00e8 obbligatoria entro il 26 maggio 2021<\/strong>.<\/span><\/p>\n<p style=\"text-align: justify;\">\n<p style=\"text-align: justify;\"><span style=\"color: #000000;\">Non risultano, al momento, nemmeno disposizioni nazionali specifiche da parte del Ministero della Salute italiano, che indichino l\u2019obbligatoriet\u00e0 di tale registrazione per gli operatori economici (Fabbricanti, Mandatari, Importatori, Assemblatori di Kit\/sistemi) italiani.<\/span><\/p>\n<p style=\"text-align: justify;\"><span style=\"color: #000000;\">Ad oggi inoltre non risulta ancora registrata in EUDAMED alcuna organizzazione italiana, proprio perch\u00e9 l\u2019Autorit\u00e0 Competente italiana (come altre Autorit\u00e0 Competenti europee) non ha ancora completato la procedura di assegnazione dell\u2019 SRN; altre Autorit\u00e0 Competenti europee hanno invece gi\u00e0 iniziato la procedura (per questo troviamo alcune aziende straniere gi\u00e0 registrate in EUDAMED).<\/span><\/p>\n<p style=\"text-align: justify;\"><span style=\"color: #000000;\">Ovviamente, la registrazione in EUDAMED \u00e8 un prerequisito per l\u2019utilizzo degli altri moduli di EUDAMED (quando saranno disponibili; per esempio il modulo relativo alla Vigilanza da utilizzare per la comunicazione di incidenti), pertanto \u00e8 consigliabile provvedere alla registrazione dell\u2019organizzazione quanto prima, specificatamente anche prima del Maggio 2022.<\/span><span style=\"color: rgba(0, 0, 0, 0.8);\"><\/span><\/p>\n<p>[\/et_pb_text][\/et_pb_column][\/et_pb_row][et_pb_row admin_label=&#8221;Right Sided Image&#8221; _builder_version=&#8221;4.9.2&#8243; max_width=&#8221;100%&#8221; custom_padding=&#8221;|0px||0px|false|false&#8221; locked=&#8221;off&#8221;][et_pb_column type=&#8221;4_4&#8243; _builder_version=&#8221;3.25&#8243; custom_padding=&#8221;|||&#8221; custom_padding__hover=&#8221;|||&#8221;][et_pb_text _builder_version=&#8221;4.9.4&#8243; text_font=&#8221;Nunito Sans||||||||&#8221; text_text_color=&#8221;#959baf&#8221; text_font_size=&#8221;18px&#8221; text_line_height=&#8221;1.8em&#8221; header_font=&#8221;||||||||&#8221; header_text_align=&#8221;left&#8221; header_2_font=&#8221;Nunito Sans|700|||||||&#8221; header_2_text_color=&#8221;#535b7c&#8221; header_2_font_size=&#8221;35px&#8221; header_2_line_height=&#8221;1.3em&#8221; max_width=&#8221;80%&#8221; max_width_tablet=&#8221;&#8221; max_width_phone=&#8221;100%&#8221; max_width_last_edited=&#8221;on|phone&#8221; module_alignment=&#8221;center&#8221; custom_padding=&#8221;||0px|||&#8221;]<\/p>\n<h2 style=\"text-align: justify;\"><span style=\"color: #0f3e6f;\">UDI &#8211; Date di Implementazione<\/span><span style=\"color: #0f3e6f;\"><\/span><span style=\"color: #0f3e6f;\"><\/span><\/h2>\n<p><span style=\"color: #0f3e6f;\"><\/span><\/p>\n<p style=\"text-align: justify;\"><span style=\"color: #000000;\">L\u2019UDI (Unique Device Identifier) \u00e8 una serie di caratteri (numerica \/ alfanumerica) creata seguendo una codifica standard \u201cglobally accepted\u201d. La serie di caratteri \u00e8 generalmente accompagnata da un sistema di lettura digitale (es. codice a barre).<\/span><\/p>\n<p style=\"text-align: justify;\"><span style=\"color: #000000;\">Ogni dispositivo medico dovr\u00e0 riportare il proprio codice UDI, che si compone di UDI-DI + UDI-PI. Questi compaiono sul dispositivo stesso o sul packaging\/labelling del dispositivo.<\/span><\/p>\n<p style=\"text-align: justify;\"><span style=\"color: #000000;\">E\u2019 richiesto poi il BASIC UDI-DI, che non compare sul dispositivo n\u00e9 sul packaging\/labelling del dispositivo; il BASIC UDI-DI \u00e8 destinato a identificare dispositivi con stessi \u201cintended purpose\u201d,\u00a0 classe di rischio e caratteristiche essenziali di progettazione e produzione.<\/span><\/p>\n<p style=\"text-align: justify;\"><span style=\"color: #000000;\">E\u2019 importante precisare che:<\/span><\/p>\n<ul>\n<li style=\"text-align: justify;\"><span style=\"color: #000000;\">I requisiti relativi all\u2019UDI non si applicano ai \u201clegacy devices\u201d (es. dispositivi conformi a Direttiva MDD);<\/span><\/li>\n<li style=\"text-align: justify;\"><span style=\"color: #000000;\">La tabella di seguito riporta le date di applicazione dei codici UDI (UDI carrier) sui dispositivi conformi a MDR 2017\/745.<\/span><\/li>\n<\/ul>\n<p>[\/et_pb_text][et_pb_image src=&#8221;\/wp-content\/uploads\/2021\/06\/e-date-di-applicazione-dei-codici-UDI-UDI-carrier-sui-dispositivi-conformi-a-MDR-2017745.png&#8221; alt=&#8221;Le date di applicazione dei codici UDI (UDI carrier) sui dispositivi conformi a MDR 2017:745&#8243; title_text=&#8221;Le date di applicazione dei codici UDI (UDI carrier) sui dispositivi conformi a MDR 2017:745&#8243; align=&#8221;center&#8221; _builder_version=&#8221;4.9.4&#8243; _module_preset=&#8221;default&#8221;][\/et_pb_image][et_pb_text _builder_version=&#8221;4.9.4&#8243; text_font=&#8221;Nunito Sans||||||||&#8221; text_text_color=&#8221;#959baf&#8221; text_font_size=&#8221;18px&#8221; text_line_height=&#8221;1.8em&#8221; header_font=&#8221;||||||||&#8221; header_text_align=&#8221;left&#8221; header_2_font=&#8221;Nunito Sans|700|||||||&#8221; header_2_text_color=&#8221;#535b7c&#8221; header_2_font_size=&#8221;35px&#8221; header_2_line_height=&#8221;1.3em&#8221; max_width=&#8221;80%&#8221; max_width_tablet=&#8221;&#8221; max_width_phone=&#8221;100%&#8221; max_width_last_edited=&#8221;on|phone&#8221; module_alignment=&#8221;center&#8221; custom_padding=&#8221;||0px|||&#8221;]<\/p>\n<p><span style=\"color: #000000;\">Note:<\/span><\/p>\n<ul>\n<li><span style=\"color: #000000;\">le informazioni riportate sono aggiornate al 26 maggio 2021;<\/span><\/li>\n<li><span style=\"color: #000000;\">le informazioni relative ad EUDAMED sono tratte dal sito web di EUDAMED e dalla guidance MDCG 2020-15 (agosto 2020);<\/span><\/li>\n<li><span style=\"color: #000000;\">le informazioni relative a UDI sono tratte da Frequently Asked Questions and Answers su UDI ( 01-08-2020).<\/span><\/li>\n<\/ul>\n<p>[\/et_pb_text][\/et_pb_column][\/et_pb_row][\/et_pb_section][et_pb_section fb_built=&#8221;1&#8243; _builder_version=&#8221;4.9.4&#8243; _module_preset=&#8221;default&#8221; locked=&#8221;off&#8221;][et_pb_row column_structure=&#8221;1_2,1_2&#8243; _builder_version=&#8221;4.9.4&#8243; _module_preset=&#8221;default&#8221; custom_padding=&#8221;0px||||false|false&#8221;][et_pb_column type=&#8221;1_2&#8243; _builder_version=&#8221;4.9.4&#8243; _module_preset=&#8221;default&#8221;][et_pb_button button_url=&#8221;https:\/\/eur-lex.europa.eu\/legal-content\/IT\/TXT\/PDF\/?uri=CELEX:02017R0745-20200424&#038;from=IT&#8221; url_new_window=&#8221;on&#8221; button_text=&#8221;Scarica il regolamento completo&#8221; button_alignment=&#8221;center&#8221; _builder_version=&#8221;4.9.4&#8243; custom_button=&#8221;on&#8221; button_text_size=&#8221;13px&#8221; button_text_color=&#8221;#ffffff&#8221; button_bg_use_color_gradient=&#8221;on&#8221; button_bg_color_gradient_start=&#8221;#0f3e6f&#8221; button_bg_color_gradient_end=&#8221;#4e7ec5&#8243; button_bg_color_gradient_direction=&#8221;310deg&#8221; button_border_width=&#8221;0px&#8221; button_border_radius=&#8221;26px&#8221; button_letter_spacing=&#8221;1px&#8221; button_font=&#8221;Nunito Sans|800||on|||||&#8221; button_use_icon=&#8221;off&#8221; custom_margin=&#8221;30px|||&#8221; custom_padding=&#8221;15px|30px|15px|30px&#8221; button_text_color_hover=&#8221;#ffffff&#8221; button_border_radius_hover=&#8221;26px&#8221; button_letter_spacing_hover=&#8221;1px&#8221; locked=&#8221;off&#8221; button_text_size__hover_enabled=&#8221;off&#8221; button_one_text_size__hover_enabled=&#8221;off&#8221; button_two_text_size__hover_enabled=&#8221;off&#8221; button_text_color__hover_enabled=&#8221;on&#8221; button_text_color__hover=&#8221;#ffffff&#8221; button_one_text_color__hover_enabled=&#8221;off&#8221; button_two_text_color__hover_enabled=&#8221;off&#8221; button_border_width__hover_enabled=&#8221;off&#8221; button_one_border_width__hover_enabled=&#8221;off&#8221; button_two_border_width__hover_enabled=&#8221;off&#8221; button_border_color__hover_enabled=&#8221;off&#8221; button_one_border_color__hover_enabled=&#8221;off&#8221; button_two_border_color__hover_enabled=&#8221;off&#8221; button_border_radius__hover_enabled=&#8221;on&#8221; button_border_radius__hover=&#8221;26px&#8221; button_one_border_radius__hover_enabled=&#8221;off&#8221; button_two_border_radius__hover_enabled=&#8221;off&#8221; button_letter_spacing__hover_enabled=&#8221;on&#8221; button_letter_spacing__hover=&#8221;1px&#8221; button_one_letter_spacing__hover_enabled=&#8221;off&#8221; button_two_letter_spacing__hover_enabled=&#8221;off&#8221; button_bg_color__hover_enabled=&#8221;off&#8221; button_one_bg_color__hover_enabled=&#8221;off&#8221; button_two_bg_color__hover_enabled=&#8221;off&#8221;][\/et_pb_button][\/et_pb_column][et_pb_column type=&#8221;1_2&#8243; _builder_version=&#8221;4.9.4&#8243; _module_preset=&#8221;default&#8221;][et_pb_button button_url=&#8221;\/wp-content\/uploads\/2021\/06\/Il-regolamento-MDR-2017745.pdf&#8221; url_new_window=&#8221;on&#8221; button_text=&#8221;Scarica la nota in formato pdf&#8221; button_alignment=&#8221;center&#8221; _builder_version=&#8221;4.9.4&#8243; custom_button=&#8221;on&#8221; button_text_size=&#8221;13px&#8221; button_text_color=&#8221;#ffffff&#8221; button_bg_use_color_gradient=&#8221;on&#8221; button_bg_color_gradient_start=&#8221;#0f3e6f&#8221; button_bg_color_gradient_end=&#8221;#4e7ec5&#8243; button_bg_color_gradient_direction=&#8221;310deg&#8221; button_border_width=&#8221;0px&#8221; button_border_radius=&#8221;26px&#8221; button_letter_spacing=&#8221;1px&#8221; button_font=&#8221;Nunito Sans|800||on|||||&#8221; button_use_icon=&#8221;off&#8221; custom_margin=&#8221;30px|||&#8221; custom_padding=&#8221;15px|30px|15px|30px&#8221; button_text_color_hover=&#8221;#ffffff&#8221; button_border_radius_hover=&#8221;26px&#8221; button_letter_spacing_hover=&#8221;1px&#8221; locked=&#8221;off&#8221; button_text_size__hover_enabled=&#8221;off&#8221; button_one_text_size__hover_enabled=&#8221;off&#8221; button_two_text_size__hover_enabled=&#8221;off&#8221; button_text_color__hover_enabled=&#8221;on&#8221; button_text_color__hover=&#8221;#ffffff&#8221; button_one_text_color__hover_enabled=&#8221;off&#8221; button_two_text_color__hover_enabled=&#8221;off&#8221; button_border_width__hover_enabled=&#8221;off&#8221; button_one_border_width__hover_enabled=&#8221;off&#8221; button_two_border_width__hover_enabled=&#8221;off&#8221; button_border_color__hover_enabled=&#8221;off&#8221; button_one_border_color__hover_enabled=&#8221;off&#8221; button_two_border_color__hover_enabled=&#8221;off&#8221; button_border_radius__hover_enabled=&#8221;on&#8221; button_border_radius__hover=&#8221;26px&#8221; button_one_border_radius__hover_enabled=&#8221;off&#8221; button_two_border_radius__hover_enabled=&#8221;off&#8221; button_letter_spacing__hover_enabled=&#8221;on&#8221; button_letter_spacing__hover=&#8221;1px&#8221; button_one_letter_spacing__hover_enabled=&#8221;off&#8221; button_two_letter_spacing__hover_enabled=&#8221;off&#8221; button_bg_color__hover_enabled=&#8221;off&#8221; button_one_bg_color__hover_enabled=&#8221;off&#8221; button_two_bg_color__hover_enabled=&#8221;off&#8221;][\/et_pb_button][\/et_pb_column][\/et_pb_row][\/et_pb_section]<\/p>\n","protected":false},"excerpt":{"rendered":"<p>Il Regolamento MDR 2017\/745 nota n.1 del 27 Maggio 2021 a cura di Sebastiano LodiEUDAMED e UDI &#8211; Date di Applicazione Il Regolamento MDR 2017\/745 ha completato il \u201cperiodo di transizione\u201d ed entrer\u00e0 in vigore (pur con alcune deroghe note per quanto riguarda, per esempio, i dispositivi medici marcati CE in accordo alla Direttiva 93\/42\/CEE [&hellip;]<\/p>\n","protected":false},"author":1,"featured_media":0,"parent":0,"menu_order":0,"comment_status":"closed","ping_status":"closed","template":"","meta":{"_et_pb_use_builder":"on","_et_pb_old_content":"","_et_gb_content_width":""},"acf":[],"_links":{"self":[{"href":"https:\/\/www.fifosanita.it\/index.php?rest_route=\/wp\/v2\/pages\/241480"}],"collection":[{"href":"https:\/\/www.fifosanita.it\/index.php?rest_route=\/wp\/v2\/pages"}],"about":[{"href":"https:\/\/www.fifosanita.it\/index.php?rest_route=\/wp\/v2\/types\/page"}],"author":[{"embeddable":true,"href":"https:\/\/www.fifosanita.it\/index.php?rest_route=\/wp\/v2\/users\/1"}],"replies":[{"embeddable":true,"href":"https:\/\/www.fifosanita.it\/index.php?rest_route=%2Fwp%2Fv2%2Fcomments&post=241480"}],"version-history":[{"count":1,"href":"https:\/\/www.fifosanita.it\/index.php?rest_route=\/wp\/v2\/pages\/241480\/revisions"}],"predecessor-version":[{"id":241671,"href":"https:\/\/www.fifosanita.it\/index.php?rest_route=\/wp\/v2\/pages\/241480\/revisions\/241671"}],"wp:attachment":[{"href":"https:\/\/www.fifosanita.it\/index.php?rest_route=%2Fwp%2Fv2%2Fmedia&parent=241480"}],"curies":[{"name":"wp","href":"https:\/\/api.w.org\/{rel}","templated":true}]}}