{"id":282,"date":"2021-02-05T17:17:29","date_gmt":"2021-02-05T16:17:29","guid":{"rendered":"http:\/\/www.fifosanita.it\/?page_id=282"},"modified":"2021-07-08T12:12:08","modified_gmt":"2021-07-08T10:12:08","slug":"come-associarsi","status":"publish","type":"page","link":"https:\/\/www.fifosanita.it\/?page_id=282","title":{"rendered":"Come Associarsi"},"content":{"rendered":"<p>[et_pb_section fb_built=&#8221;1&#8243; next_background_color=&#8221;#ffffff&#8221; admin_label=&#8221;Center Aligned Text &#8221; _builder_version=&#8221;4.9.2&#8243; background_color=&#8221;#f8fbfe&#8221; use_background_color_gradient=&#8221;on&#8221; background_color_gradient_start=&#8221;#0f3e6f&#8221; background_color_gradient_end=&#8221;#4e7ec5&#8243; background_color_gradient_direction=&#8221;135deg&#8221; background_image=&#8221;\/wp-content\/uploads\/2021\/01\/geometric-bg-overlay-01.jpg&#8221; background_blend=&#8221;overlay&#8221; custom_padding=&#8221;|0px||0px|false|false&#8221; bottom_divider_style=&#8221;arrow2&#8243; bottom_divider_height=&#8221;40px&#8221; animation_direction=&#8221;bottom&#8221;][et_pb_row _builder_version=&#8221;4.9.0&#8243;][et_pb_column type=&#8221;4_4&#8243; _builder_version=&#8221;3.25&#8243; custom_padding=&#8221;|||&#8221; custom_padding__hover=&#8221;|||&#8221;][et_pb_text _builder_version=&#8221;4.9.2&#8243; text_font=&#8221;Nunito Sans||||||||&#8221; text_text_color=&#8221;#ffffff&#8221; text_font_size=&#8221;18px&#8221; text_line_height=&#8221;1.8em&#8221; header_font=&#8221;Nunito Sans|700|||||||&#8221; header_font_size=&#8221;50px&#8221; header_line_height=&#8221;1.3em&#8221; header_2_font=&#8221;||||||||&#8221; text_orientation=&#8221;center&#8221; background_layout=&#8221;dark&#8221; max_width=&#8221;80%&#8221; max_width_tablet=&#8221;&#8221; max_width_phone=&#8221;100%&#8221; max_width_last_edited=&#8221;on|phone&#8221; module_alignment=&#8221;center&#8221; locked=&#8221;off&#8221;]<\/p>\n<h1>Come Associarsi<\/h1>\n<p>[\/et_pb_text][\/et_pb_column][\/et_pb_row][\/et_pb_section][et_pb_section fb_built=&#8221;1&#8243; _builder_version=&#8221;4.9.0&#8243; _module_preset=&#8221;default&#8221;][et_pb_row admin_label=&#8221;Right Sided Image&#8221; _builder_version=&#8221;4.9.2&#8243; max_width=&#8221;100%&#8221; custom_padding=&#8221;|0px||0px|false|false&#8221; locked=&#8221;off&#8221;][et_pb_column type=&#8221;4_4&#8243; _builder_version=&#8221;3.25&#8243; custom_padding=&#8221;|||&#8221; custom_padding__hover=&#8221;|||&#8221;][et_pb_text _builder_version=&#8221;4.9.4&#8243; text_font=&#8221;Nunito Sans||on||||||&#8221; text_text_color=&#8221;#000000&#8243; text_font_size=&#8221;18px&#8221; text_line_height=&#8221;1.8em&#8221; header_font=&#8221;||||||||&#8221; header_text_align=&#8221;left&#8221; header_2_font=&#8221;Nunito Sans|700|||||||&#8221; header_2_text_color=&#8221;#535b7c&#8221; header_2_font_size=&#8221;35px&#8221; header_2_line_height=&#8221;1.3em&#8221; max_width=&#8221;80%&#8221; max_width_tablet=&#8221;&#8221; max_width_phone=&#8221;100%&#8221; max_width_last_edited=&#8221;on|phone&#8221; module_alignment=&#8221;center&#8221; custom_padding=&#8221;0px||0px|||&#8221;]<\/p>\n<p>Lo statuto di <strong>FIFO Sanit\u00e0<\/strong> permette alle imprese interessate di associarsi attraverso l&#8217;iscrizione all&#8217;Associazione ASFO di riferimento per la tua regione. Puoi contattare la segreteria di <strong>FIFO Sanit\u00e0<\/strong> cliccando sul link sottostante &#8220;Vuoi associarti a FIFO Sanit\u00e0?&#8221; e compilando il modulo di richiesta. La segreteria sar\u00e0 lieta di fornire tutte le informazioni necessarie per avviare la procedura d&#8217;iscrizione.<\/p>\n<p>Nel caso nella tua regione non fosse ancora presente un&#8217;associazione sarai comunque accolto nella nostra organizzazione come socio diretto e nel tempo sarai affiancato dai nostri esperti per poter costituire l&#8217;associazione nel tuo territorio.\u00a0<\/p>\n<p>[\/et_pb_text][\/et_pb_column][\/et_pb_row][\/et_pb_section]<\/p>\n","protected":false},"excerpt":{"rendered":"<p>Come AssociarsiLo statuto di FIFO Sanit\u00e0 permette alle imprese interessate di associarsi attraverso l&#8217;iscrizione all&#8217;Associazione ASFO di riferimento per la tua regione. Puoi contattare la segreteria di FIFO Sanit\u00e0 cliccando sul link sottostante &#8220;Vuoi associarti a FIFO Sanit\u00e0?&#8221; e compilando il modulo di richiesta. La segreteria sar\u00e0 lieta di fornire tutte le informazioni necessarie per [&hellip;]<\/p>\n","protected":false},"author":1,"featured_media":0,"parent":648,"menu_order":0,"comment_status":"closed","ping_status":"closed","template":"","meta":{"_et_pb_use_builder":"on","_et_pb_old_content":"","_et_gb_content_width":""},"acf":[],"_links":{"self":[{"href":"https:\/\/www.fifosanita.it\/index.php?rest_route=\/wp\/v2\/pages\/282"}],"collection":[{"href":"https:\/\/www.fifosanita.it\/index.php?rest_route=\/wp\/v2\/pages"}],"about":[{"href":"https:\/\/www.fifosanita.it\/index.php?rest_route=\/wp\/v2\/types\/page"}],"author":[{"embeddable":true,"href":"https:\/\/www.fifosanita.it\/index.php?rest_route=\/wp\/v2\/users\/1"}],"replies":[{"embeddable":true,"href":"https:\/\/www.fifosanita.it\/index.php?rest_route=%2Fwp%2Fv2%2Fcomments&post=282"}],"version-history":[{"count":1,"href":"https:\/\/www.fifosanita.it\/index.php?rest_route=\/wp\/v2\/pages\/282\/revisions"}],"predecessor-version":[{"id":241688,"href":"https:\/\/www.fifosanita.it\/index.php?rest_route=\/wp\/v2\/pages\/282\/revisions\/241688"}],"up":[{"embeddable":true,"href":"https:\/\/www.fifosanita.it\/index.php?rest_route=\/wp\/v2\/pages\/648"}],"wp:attachment":[{"href":"https:\/\/www.fifosanita.it\/index.php?rest_route=%2Fwp%2Fv2%2Fmedia&parent=282"}],"curies":[{"name":"wp","href":"https:\/\/api.w.org\/{rel}","templated":true}]}}