{"id":823,"date":"2021-02-12T18:03:39","date_gmt":"2021-02-12T17:03:39","guid":{"rendered":"http:\/\/www.fifosanita.it\/?page_id=823"},"modified":"2021-06-18T14:50:51","modified_gmt":"2021-06-18T12:50:51","slug":"order-to-cash","status":"publish","type":"page","link":"https:\/\/www.fifosanita.it\/?page_id=823","title":{"rendered":"Order to Cash"},"content":{"rendered":"<p>[et_pb_section fb_built=&#8221;1&#8243; next_background_color=&#8221;#f8fbfe&#8221; admin_label=&#8221;Center Aligned Text &#8221; _builder_version=&#8221;4.9.2&#8243; background_color=&#8221;#f8fbfe&#8221; use_background_color_gradient=&#8221;on&#8221; background_color_gradient_start=&#8221;#0f3e6f&#8221; background_color_gradient_end=&#8221;#4e7ec5&#8243; background_color_gradient_direction=&#8221;135deg&#8221; background_image=&#8221;\/wp-content\/uploads\/2021\/01\/geometric-bg-overlay-01.jpg&#8221; background_blend=&#8221;overlay&#8221; custom_padding=&#8221;|0px||0px|false|false&#8221; bottom_divider_style=&#8221;arrow2&#8243; bottom_divider_height=&#8221;40px&#8221; animation_direction=&#8221;bottom&#8221; locked=&#8221;off&#8221;][et_pb_row _builder_version=&#8221;3.25&#8243;][et_pb_column type=&#8221;4_4&#8243; _builder_version=&#8221;3.25&#8243; custom_padding=&#8221;|||&#8221; custom_padding__hover=&#8221;|||&#8221;][et_pb_text _builder_version=&#8221;4.9.2&#8243; text_font=&#8221;Nunito Sans||||||||&#8221; text_text_color=&#8221;#ffffff&#8221; text_font_size=&#8221;18px&#8221; text_line_height=&#8221;1.8em&#8221; header_font=&#8221;Nunito Sans|700|||||||&#8221; header_font_size=&#8221;50px&#8221; header_line_height=&#8221;1.3em&#8221; header_2_font=&#8221;||||||||&#8221; text_orientation=&#8221;center&#8221; background_layout=&#8221;dark&#8221; max_width=&#8221;80%&#8221; max_width_tablet=&#8221;&#8221; max_width_phone=&#8221;100%&#8221; max_width_last_edited=&#8221;on|phone&#8221; module_alignment=&#8221;center&#8221; locked=&#8221;off&#8221;]<\/p>\n<h1>Order to Cash<\/h1>\n<p>[\/et_pb_text][\/et_pb_column][\/et_pb_row][\/et_pb_section][et_pb_section fb_built=&#8221;1&#8243; _builder_version=&#8221;4.9.2&#8243; background_color=&#8221;#f8fbfe&#8221; max_width=&#8221;100%&#8221; custom_padding=&#8221;||100px|&#8221;][et_pb_row admin_label=&#8221;Right Sided Image&#8221; _builder_version=&#8221;4.9.2&#8243; max_width=&#8221;100%&#8221; custom_padding=&#8221;|0px||0px|false|false&#8221; locked=&#8221;off&#8221;][et_pb_column type=&#8221;4_4&#8243; _builder_version=&#8221;3.25&#8243; custom_padding=&#8221;|||&#8221; custom_padding__hover=&#8221;|||&#8221;][et_pb_text _builder_version=&#8221;4.9.2&#8243; text_font=&#8221;Nunito Sans||||||||&#8221; text_text_color=&#8221;#959baf&#8221; text_font_size=&#8221;18px&#8221; text_line_height=&#8221;1.8em&#8221; header_font=&#8221;||||||||&#8221; header_text_align=&#8221;left&#8221; header_2_font=&#8221;Nunito Sans|700|||||||&#8221; header_2_text_color=&#8221;#535b7c&#8221; header_2_font_size=&#8221;35px&#8221; header_2_line_height=&#8221;1.3em&#8221; text_orientation=&#8221;justified&#8221; max_width=&#8221;80%&#8221; max_width_tablet=&#8221;&#8221; max_width_phone=&#8221;100%&#8221; max_width_last_edited=&#8221;on|desktop&#8221; module_alignment=&#8221;center&#8221; custom_padding=&#8221;||0px|||&#8221;]<\/p>\n<h2 style=\"text-align: justify;\"><span style=\"color: #0f3e6f;\">Order to Cash, di cosa si tratta?<\/span><\/h2>\n<p><span style=\"color: rgba(0, 0, 0, 0.8);\"><\/span><\/p>\n<p><span style=\"font-size: medium; color: rgba(0, 0, 0, 0.8);\"><span style=\"font-weight: 400;\">Il processo \u201c<strong>order-to-cash<\/strong>\u201d \u00e8 quello che va dall\u2019emissione dell\u2019ordine all\u2019accredito del pagamento. Digitalizzare tale processo significa trasformare in formato elettronico tutti quei documenti (ordini, fatture, etc) che prima erano in formato cartaceo e consentirne dunque una gestione interamente informatizzata e con procedure automatizzate (non discrezionali).<\/span><\/span><\/p>\n<p>[\/et_pb_text][et_pb_text _builder_version=&#8221;4.9.2&#8243; text_font=&#8221;Nunito Sans||||||||&#8221; text_text_color=&#8221;#959baf&#8221; text_font_size=&#8221;18px&#8221; text_line_height=&#8221;1.8em&#8221; header_font=&#8221;||||||||&#8221; header_text_align=&#8221;left&#8221; header_2_font=&#8221;Nunito Sans|700|||||||&#8221; header_2_text_color=&#8221;#535b7c&#8221; header_2_font_size=&#8221;35px&#8221; header_2_line_height=&#8221;1.3em&#8221; text_orientation=&#8221;justified&#8221; max_width=&#8221;80%&#8221; max_width_tablet=&#8221;&#8221; max_width_phone=&#8221;100%&#8221; max_width_last_edited=&#8221;on|phone&#8221; module_alignment=&#8221;center&#8221; custom_padding=&#8221;||0px|||&#8221;]<\/p>\n<h2 style=\"text-align: justify;\"><span style=\"color: #0f3e6f;\">Digitalizzazione del processo di pagamento<\/span><\/h2>\n<p><span style=\"color: rgba(0, 0, 0, 0.8);\"><\/span><\/p>\n<p><span style=\"font-size: medium; color: rgba(0, 0, 0, 0.8);\"><span style=\"font-weight: 400;\"><span>La digitalizzazione del processo di <strong>order to cash<\/strong> ha preso avvio nel nostro paese con la legge finanziaria 2008, nell&#8217;ambito di un progetto dell&#8217;Unione europea di cui l\u2019Italia ha fatto, possiamo ben dirlo, da apripista per gli altri paesi. <\/span><\/span><\/span><\/p>\n<p><span style=\"font-size: medium; color: rgba(0, 0, 0, 0.8);\"><span style=\"font-weight: 400;\"><span>Cos\u00ec come le forniture al Servizio sanitario nazionale hanno fatto da apripista per gli altri settori. <\/span><\/span><\/span><\/p>\n<p><span style=\"font-size: medium; color: rgba(0, 0, 0, 0.8);\"><span style=\"font-weight: 400;\"><span>Digitalizzare significa gestire in formato elettronico l\u2019intero processo, dematerializzando in particolare la gestione degli ordini e la gestione delle fatture, con evidenti ricadute a valle sulla riconciliazione dei pagamenti. <\/span><\/span><\/span><\/p>\n<p><span style=\"font-size: medium; color: rgba(0, 0, 0, 0.8);\"><span style=\"font-weight: 400;\"><span>Sebbene per semplicit\u00e0 si sia partiti digitalizzando la fatturazione, \u00e8 di tutta evidenza che \u00e8 l\u2019ordine di vendita il punto di partenza del ciclo order to cash.<\/span><\/span><\/span><\/p>\n<p><span style=\"font-size: medium; color: rgba(0, 0, 0, 0.8);\"><span style=\"font-weight: 400;\"><span>Per quanto riguarda le forniture di beni alla pubblica amministrazione l\u2019ordine elettronico \u00e8 divenuto obbligatorio a partire da febbraio 2020 e da gennaio 2021 gli enti pubblici non possono pi\u00f9 liquidare e pagare fatture i cui ordini non siano transitati dal cd. \u201cNSO\u201d (Nodo di Smistamento degli Ordini). <\/span><\/span><\/span><\/p>\n<p><span style=\"font-size: medium; color: rgba(0, 0, 0, 0.8);\"><span style=\"font-weight: 400;\"><span>Da quest\u2019anno diviene pertanto imprescindibile un attento monitoraggio del processo di ordinazione. <\/span><\/span><\/span><\/p>\n<p><span style=\"font-size: medium; color: rgba(0, 0, 0, 0.8);\"><span style=\"font-weight: 400;\"><span>Per quanto riguarda le forniture di servizi l\u2019ordine elettronico via NSO \u00e8 divenuto obbligatorio da gennaio 2021 e, analogamente ai beni, da gennaio 2022 diverr\u00e0 imprescindibile per rendere pagabili le relative fatture. <\/span><\/span><\/span><\/p>\n<p><span style=\"font-size: medium; color: rgba(0, 0, 0, 0.8);\"><span style=\"font-weight: 400;\"><span>La digitalizzazione del processo order to cash \u2013 partita dalla fatturazione e proseguita con la creazione della rete di database elettronici, come ad esempio l\u2019NSO, lo SDI (Sistema di Interscambio), la PCC (Piattaforma dei Crediti Commerciali) \u2013 viene dunque a completarsi con l\u2019ordine elettronico e la prossima digitalizzazione del DDT (documento di trasporto, il cui tracciato elettronico \u00e8 in via di definizione). <\/span><\/span><\/span><\/p>\n<p><span style=\"font-size: medium; color: rgba(0, 0, 0, 0.8);\"><span style=\"font-weight: 400;\"><span>Se \u00e8 vero che la digitalizzazione da efficienza, trasparenza e speditezza al processo, \u00e8 altrettanto vero che il processo, oggi reingegnerizzato, presenta alcuni aspetti di rigidit\u00e0 e altri ancora di complessit\u00e0 che vanno conosciuti e gestiti per poter effettivamente beneficiare dei vantaggi che la digitalizzazione pu\u00f2 offrire. <\/span><\/span><\/span><\/p>\n<p><span style=\"font-size: medium; color: rgba(0, 0, 0, 0.8);\"><span style=\"font-weight: 400;\"><span>FIFO Sanit\u00e0 in collaborazione con <strong>Value Advisory Srl<\/strong> hanno organizzato un webinar al fine di mettere in evidenza proprio quegli elementi critici da cui dipende se il ciclo attivo si svolger\u00e0 senza intoppi o si incaglier\u00e0.<\/span><\/span><\/span><\/p>\n<p style=\"text-align: justify;\">\n<p>[\/et_pb_text][\/et_pb_column][\/et_pb_row][et_pb_row column_structure=&#8221;1_3,1_3,1_3&#8243; _builder_version=&#8221;4.9.2&#8243; _module_preset=&#8221;default&#8221; max_width=&#8221;80%&#8221;][et_pb_column type=&#8221;1_3&#8243; _builder_version=&#8221;4.9.1&#8243; _module_preset=&#8221;default&#8221;][\/et_pb_column][et_pb_column type=&#8221;1_3&#8243; _builder_version=&#8221;4.9.1&#8243; _module_preset=&#8221;default&#8221;][et_pb_button button_url=&#8221;@ET-DC@eyJkeW5hbWljIjp0cnVlLCJjb250ZW50IjoicG9zdF9saW5rX3VybF9wb3N0Iiwic2V0dGluZ3MiOnsicG9zdF9pZCI6IjUwNyJ9fQ==@&#8221; url_new_window=&#8221;on&#8221; button_text=&#8221;Vai al Webinar&#8221; button_alignment=&#8221;center&#8221; _builder_version=&#8221;4.9.6&#8243; _dynamic_attributes=&#8221;button_url&#8221; custom_button=&#8221;on&#8221; button_text_size=&#8221;13px&#8221; button_text_color=&#8221;#ffffff&#8221; button_bg_use_color_gradient=&#8221;on&#8221; button_bg_color_gradient_start=&#8221;#0f3e6f&#8221; button_bg_color_gradient_end=&#8221;#4e7ec5&#8243; button_bg_color_gradient_direction=&#8221;310deg&#8221; button_border_width=&#8221;0px&#8221; button_border_radius=&#8221;26px&#8221; button_letter_spacing=&#8221;1px&#8221; button_font=&#8221;Nunito Sans|800||on|||||&#8221; button_use_icon=&#8221;off&#8221; custom_margin=&#8221;30px|||&#8221; custom_padding=&#8221;15px|30px|15px|30px&#8221; hover_enabled=&#8221;0&#8243; button_text_color_hover=&#8221;#ffffff&#8221; button_border_radius_hover=&#8221;26px&#8221; button_letter_spacing_hover=&#8221;1px&#8221; locked=&#8221;off&#8221; button_text_size__hover_enabled=&#8221;off&#8221; button_one_text_size__hover_enabled=&#8221;off&#8221; button_two_text_size__hover_enabled=&#8221;off&#8221; button_text_color__hover_enabled=&#8221;on&#8221; button_text_color__hover=&#8221;#ffffff&#8221; button_one_text_color__hover_enabled=&#8221;off&#8221; button_two_text_color__hover_enabled=&#8221;off&#8221; button_border_width__hover_enabled=&#8221;off&#8221; button_one_border_width__hover_enabled=&#8221;off&#8221; button_two_border_width__hover_enabled=&#8221;off&#8221; button_border_color__hover_enabled=&#8221;off&#8221; button_one_border_color__hover_enabled=&#8221;off&#8221; button_two_border_color__hover_enabled=&#8221;off&#8221; button_border_radius__hover_enabled=&#8221;on&#8221; button_border_radius__hover=&#8221;26px&#8221; button_one_border_radius__hover_enabled=&#8221;off&#8221; button_two_border_radius__hover_enabled=&#8221;off&#8221; button_letter_spacing__hover_enabled=&#8221;on&#8221; button_letter_spacing__hover=&#8221;1px&#8221; button_one_letter_spacing__hover_enabled=&#8221;off&#8221; button_two_letter_spacing__hover_enabled=&#8221;off&#8221; button_bg_color__hover_enabled=&#8221;off&#8221; button_one_bg_color__hover_enabled=&#8221;off&#8221; button_two_bg_color__hover_enabled=&#8221;off&#8221; sticky_enabled=&#8221;0&#8243;][\/et_pb_button][\/et_pb_column][et_pb_column type=&#8221;1_3&#8243; _builder_version=&#8221;4.9.1&#8243; _module_preset=&#8221;default&#8221;][\/et_pb_column][\/et_pb_row][\/et_pb_section]<\/p>\n","protected":false},"excerpt":{"rendered":"<p>Order to CashOrder to Cash, di cosa si tratta? Il processo \u201corder-to-cash\u201d \u00e8 quello che va dall\u2019emissione dell\u2019ordine all\u2019accredito del pagamento. Digitalizzare tale processo significa trasformare in formato elettronico tutti quei documenti (ordini, fatture, etc) che prima erano in formato cartaceo e consentirne dunque una gestione interamente informatizzata e con procedure automatizzate (non discrezionali).Digitalizzazione del [&hellip;]<\/p>\n","protected":false},"author":1,"featured_media":0,"parent":0,"menu_order":0,"comment_status":"closed","ping_status":"closed","template":"","meta":{"_et_pb_use_builder":"on","_et_pb_old_content":"","_et_gb_content_width":""},"acf":[],"_links":{"self":[{"href":"https:\/\/www.fifosanita.it\/index.php?rest_route=\/wp\/v2\/pages\/823"}],"collection":[{"href":"https:\/\/www.fifosanita.it\/index.php?rest_route=\/wp\/v2\/pages"}],"about":[{"href":"https:\/\/www.fifosanita.it\/index.php?rest_route=\/wp\/v2\/types\/page"}],"author":[{"embeddable":true,"href":"https:\/\/www.fifosanita.it\/index.php?rest_route=\/wp\/v2\/users\/1"}],"replies":[{"embeddable":true,"href":"https:\/\/www.fifosanita.it\/index.php?rest_route=%2Fwp%2Fv2%2Fcomments&post=823"}],"version-history":[{"count":0,"href":"https:\/\/www.fifosanita.it\/index.php?rest_route=\/wp\/v2\/pages\/823\/revisions"}],"wp:attachment":[{"href":"https:\/\/www.fifosanita.it\/index.php?rest_route=%2Fwp%2Fv2%2Fmedia&parent=823"}],"curies":[{"name":"wp","href":"https:\/\/api.w.org\/{rel}","templated":true}]}}